{"id":1830,"date":"2023-03-10T23:34:04","date_gmt":"2023-03-10T22:34:04","guid":{"rendered":"https:\/\/energiecolo.com\/transport\/?page_id=1830"},"modified":"2023-03-10T23:34:04","modified_gmt":"2023-03-10T22:34:04","slug":"nos-valeurs-et-services","status":"publish","type":"page","link":"https:\/\/energiecolo.com\/transport\/nos-valeurs-et-services\/","title":{"rendered":"NOS VALEURS ET SERVICES"},"content":{"rendered":"<section class=\"wpb-content-wrapper\"><p>[vc_row][vc_column][vc_column_text]<\/p>\n<h3>R\u00c9ACTIVIT\u00c9<\/h3>\n<p>A chaque besoin, sa solution ! La soci\u00e9t\u00e9 d\u2019affr\u00e8tement et transport routier FAST TRANSPORT et ses \u00e9quipes d\u00e9di\u00e9es sont l\u00e0 pour vous trouver le v\u00e9hicule dont vous avez besoin. Que vous ayez un imp\u00e9ratif de temps, de dimensions, de prix, notre exp\u00e9rience vous apportera une r\u00e9ponse concr\u00e8te et personnalis\u00e9e dans les meilleurs d\u00e9lais.[\/vc_column_text][vc_column_text]<\/p>\n<h3>DISPONIBILIT\u00c9<\/h3>\n<p>Avec un seul interlocuteur privil\u00e9gi\u00e9, chacune de vos demandes d\u2019affr\u00e8tement et\/ou de transport routier sera prise avec rigueur et professionnalisme pour vous apporter une r\u00e9ponse personnalis\u00e9e. Un relationnel sur mesure pour faciliter et fluidifier nos \u00e9changes.[\/vc_column_text][vc_column_text]<\/p>\n<h3>ADAPTABILIT\u00c9<\/h3>\n<p>Avec plus de 10 ann\u00e9es d\u2019exp\u00e9rience, renforc\u00e9es par nos partenariats avec les meilleurs transporteurs fran\u00e7ais et europ\u00e9ens, nous apportons une r\u00e9ponse pr\u00e9cise \u00e0 votre demande. Quels que soient vos imp\u00e9ratifs de livraison (d\u00e9lais, destination, type et\/ou taille de marchandise\u2026), nous nous adaptons pour vous proposer la meilleure solution de transport routier pour votre marchandise.[\/vc_column_text][vc_column_text]<\/p>\n<h3>CONFIANCE<\/h3>\n<p><strong>La confiance se gagne par la comp\u00e9tence.<\/strong>Ainsi, notre proximit\u00e9, notre exp\u00e9rience et notre \u00e9coute nous permettent de vous apporter une expertise s\u00e9rieuse et ma\u00eetris\u00e9e. Notre savoir-faire en affr\u00e8tement et en transport nous r\u00e9compense de la fid\u00e9lit\u00e9 de nos clients majeurs depuis plus de 10 ans.[\/vc_column_text][\/vc_column][\/vc_row]<\/p>\n<\/section>","protected":false},"excerpt":{"rendered":"<p>[vc_row][vc_column][vc_column_text] R\u00c9ACTIVIT\u00c9 A chaque besoin, sa solution ! La soci\u00e9t\u00e9 d\u2019affr\u00e8tement et transport routier FAST TRANSPORT et ses \u00e9quipes d\u00e9di\u00e9es sont l\u00e0 pour vous trouver le v\u00e9hicule dont vous avez [&hellip;]<\/p>\n","protected":false},"author":1,"featured_media":0,"parent":0,"menu_order":0,"comment_status":"closed","ping_status":"closed","template":"","meta":{"footnotes":""},"class_list":["post-1830","page","type-page","status-publish","hentry"],"_links":{"self":[{"href":"https:\/\/energiecolo.com\/transport\/wp-json\/wp\/v2\/pages\/1830","targetHints":{"allow":["GET"]}}],"collection":[{"href":"https:\/\/energiecolo.com\/transport\/wp-json\/wp\/v2\/pages"}],"about":[{"href":"https:\/\/energiecolo.com\/transport\/wp-json\/wp\/v2\/types\/page"}],"author":[{"embeddable":true,"href":"https:\/\/energiecolo.com\/transport\/wp-json\/wp\/v2\/users\/1"}],"replies":[{"embeddable":true,"href":"https:\/\/energiecolo.com\/transport\/wp-json\/wp\/v2\/comments?post=1830"}],"version-history":[{"count":1,"href":"https:\/\/energiecolo.com\/transport\/wp-json\/wp\/v2\/pages\/1830\/revisions"}],"predecessor-version":[{"id":1831,"href":"https:\/\/energiecolo.com\/transport\/wp-json\/wp\/v2\/pages\/1830\/revisions\/1831"}],"wp:attachment":[{"href":"https:\/\/energiecolo.com\/transport\/wp-json\/wp\/v2\/media?parent=1830"}],"curies":[{"name":"wp","href":"https:\/\/api.w.org\/{rel}","templated":true}]}}